{"id":34,"date":"2019-10-11T19:38:29","date_gmt":"2019-10-11T17:38:29","guid":{"rendered":"https:\/\/mdra.nl\/?page_id=34"},"modified":"2024-01-19T12:47:43","modified_gmt":"2024-01-19T11:47:43","slug":"iletisim","status":"publish","type":"page","link":"https:\/\/mdra.nl\/tr\/contact\/","title":{"rendered":"\u0130leti\u015fim"},"content":{"rendered":"<div data-elementor-type=\"wp-page\" data-elementor-id=\"34\" class=\"elementor elementor-34\" data-elementor-post-type=\"page\">\n\t\t\t\t\t\t<section class=\"elementor-section elementor-top-section elementor-element elementor-element-e7937da elementor-section-boxed elementor-section-height-default elementor-section-height-default\" data-id=\"e7937da\" data-element_type=\"section\" data-e-type=\"section\">\n\t\t\t\t\t\t<div class=\"elementor-container elementor-column-gap-default\">\n\t\t\t\t\t<div class=\"elementor-column elementor-col-100 elementor-top-column elementor-element elementor-element-4f6d7a2\" data-id=\"4f6d7a2\" data-element_type=\"column\" data-e-type=\"column\">\n\t\t\t<div class=\"elementor-widget-wrap elementor-element-populated\">\n\t\t\t\t\t\t<section class=\"elementor-section elementor-inner-section elementor-element elementor-element-335895c elementor-reverse-mobile elementor-section-boxed elementor-section-height-default elementor-section-height-default\" data-id=\"335895c\" data-element_type=\"section\" data-e-type=\"section\">\n\t\t\t\t\t\t<div class=\"elementor-container elementor-column-gap-default\">\n\t\t\t\t\t<div class=\"elementor-column elementor-col-50 elementor-inner-column elementor-element elementor-element-ca3a30a\" data-id=\"ca3a30a\" data-element_type=\"column\" data-e-type=\"column\">\n\t\t\t<div class=\"elementor-widget-wrap elementor-element-populated\">\n\t\t\t\t\t\t<div class=\"elementor-element elementor-element-10e7d851 elementor-widget elementor-widget-google_maps\" data-id=\"10e7d851\" data-element_type=\"widget\" data-e-type=\"widget\" data-widget_type=\"google_maps.default\">\n\t\t\t\t<div class=\"elementor-widget-container\">\n\t\t\t\t\t\t\t<div class=\"elementor-custom-embed\">\n\t\t\t<iframe loading=\"lazy\"\n\t\t\t\t\tsrc=\"https:\/\/maps.google.com\/maps?q=Hobbemakade%2029H%2C%201071XK%2C%20Amsterdam&#038;t=m&#038;z=16&#038;output=embed&#038;iwloc=near\"\n\t\t\t\t\ttitle=\"Hobbemakade 29H, 1071XK, Amsterdam\"\n\t\t\t\t\taria-label=\"Hobbemakade 29H, 1071XK, Amsterdam\"\n\t\t\t><\/iframe>\n\t\t<\/div>\n\t\t\t\t\t\t<\/div>\n\t\t\t\t<\/div>\n\t\t\t\t\t<\/div>\n\t\t<\/div>\n\t\t\t\t<div class=\"elementor-column elementor-col-50 elementor-inner-column elementor-element elementor-element-3cddeb1\" data-id=\"3cddeb1\" data-element_type=\"column\" data-e-type=\"column\">\n\t\t\t<div class=\"elementor-widget-wrap elementor-element-populated\">\n\t\t\t\t\t\t<div class=\"elementor-element elementor-element-d4df086 elementor-widget elementor-widget-heading\" data-id=\"d4df086\" data-element_type=\"widget\" data-e-type=\"widget\" data-widget_type=\"heading.default\">\n\t\t\t\t<div class=\"elementor-widget-container\">\n\t\t\t\t\t<h2 class=\"elementor-heading-title elementor-size-default\">Meldpunt Discriminatie Regio Amsterdam<\/h2>\t\t\t\t<\/div>\n\t\t\t\t<\/div>\n\t\t\t\t<div class=\"elementor-element elementor-element-f917cc5 elementor-widget elementor-widget-text-editor\" data-id=\"f917cc5\" data-element_type=\"widget\" data-e-type=\"widget\" data-widget_type=\"text-editor.default\">\n\t\t\t\t<div class=\"elementor-widget-container\">\n\t\t\t\t\t\t\t\t\tAalsmeer, Amstelveen, Amsterdam, Diemen, Ouder-Amstel, Uithoorn ve Stadsgebied Driemond-Weesp'in t\u00fcm sakinleri i\u00e7in \u00e7al\u0131\u015f\u0131yoruz. Bir sorunuz mu var? Bizi aray\u0131n veya e-posta g\u00f6nderin. Ofisimize u\u011framak ister misiniz? O zaman bir randevu al\u0131n.\t\t\t\t\t\t\t\t<\/div>\n\t\t\t\t<\/div>\n\t\t\t\t<div class=\"elementor-element elementor-element-2e20d9f elementor-widget-divider--view-line elementor-widget elementor-widget-divider\" data-id=\"2e20d9f\" data-element_type=\"widget\" data-e-type=\"widget\" data-widget_type=\"divider.default\">\n\t\t\t\t<div class=\"elementor-widget-container\">\n\t\t\t\t\t\t\t<div class=\"elementor-divider\">\n\t\t\t<span class=\"elementor-divider-separator\">\n\t\t\t\t\t\t<\/span>\n\t\t<\/div>\n\t\t\t\t\t\t<\/div>\n\t\t\t\t<\/div>\n\t\t\t\t<div class=\"elementor-element elementor-element-8882ffc elementor-icon-list--layout-traditional elementor-list-item-link-full_width elementor-widget elementor-widget-icon-list\" data-id=\"8882ffc\" data-element_type=\"widget\" data-e-type=\"widget\" data-widget_type=\"icon-list.default\">\n\t\t\t\t<div class=\"elementor-widget-container\">\n\t\t\t\t\t\t\t<ul class=\"elementor-icon-list-items\">\n\t\t\t\t\t\t\t<li class=\"elementor-icon-list-item\">\n\t\t\t\t\t\t\t\t\t\t<span class=\"elementor-icon-list-text\">Meldpunt Discriminatie Regio Amsterdam<\/span>\n\t\t\t\t\t\t\t\t\t<\/li>\n\t\t\t\t\t\t\t\t<li class=\"elementor-icon-list-item\">\n\t\t\t\t\t\t\t\t\t\t<span class=\"elementor-icon-list-text\">Hobbemakade 29-H<\/span>\n\t\t\t\t\t\t\t\t\t<\/li>\n\t\t\t\t\t\t\t\t<li class=\"elementor-icon-list-item\">\n\t\t\t\t\t\t\t\t\t\t<span class=\"elementor-icon-list-text\">1071 XK Amsterdam<\/span>\n\t\t\t\t\t\t\t\t\t<\/li>\n\t\t\t\t\t\t<\/ul>\n\t\t\t\t\t\t<\/div>\n\t\t\t\t<\/div>\n\t\t\t\t<div class=\"elementor-element elementor-element-0defa7f elementor-icon-list--layout-traditional elementor-list-item-link-full_width elementor-widget elementor-widget-icon-list\" data-id=\"0defa7f\" data-element_type=\"widget\" data-e-type=\"widget\" data-widget_type=\"icon-list.default\">\n\t\t\t\t<div class=\"elementor-widget-container\">\n\t\t\t\t\t\t\t<ul class=\"elementor-icon-list-items\">\n\t\t\t\t\t\t\t<li class=\"elementor-icon-list-item\">\n\t\t\t\t\t\t\t\t\t\t\t<span class=\"elementor-icon-list-icon\">\n\t\t\t\t\t\t\t<i aria-hidden=\"true\" class=\"fas fa-phone-alt\"><\/i>\t\t\t\t\t\t<\/span>\n\t\t\t\t\t\t\t\t\t\t<span class=\"elementor-icon-list-text\">020 638 55 51 <\/span>\n\t\t\t\t\t\t\t\t\t<\/li>\n\t\t\t\t\t\t\t\t<li class=\"elementor-icon-list-item\">\n\t\t\t\t\t\t\t\t\t\t\t<a href=\"https:\/\/wa.me\/31206385551\">\n\n\t\t\t\t\t\t\t\t\t\t\t\t<span class=\"elementor-icon-list-icon\">\n\t\t\t\t\t\t\t<i aria-hidden=\"true\" class=\"fab fa-whatsapp\"><\/i>\t\t\t\t\t\t<\/span>\n\t\t\t\t\t\t\t\t\t\t<span class=\"elementor-icon-list-text\">WhatsApp<\/span>\n\t\t\t\t\t\t\t\t\t\t\t<\/a>\n\t\t\t\t\t\t\t\t\t<\/li>\n\t\t\t\t\t\t\t\t<li class=\"elementor-icon-list-item\">\n\t\t\t\t\t\t\t\t\t\t\t<a href=\"mailto:discriminatie@mdra.nl\">\n\n\t\t\t\t\t\t\t\t\t\t\t\t<span class=\"elementor-icon-list-icon\">\n\t\t\t\t\t\t\t<i aria-hidden=\"true\" class=\"fas fa-envelope-open-text\"><\/i>\t\t\t\t\t\t<\/span>\n\t\t\t\t\t\t\t\t\t\t<span class=\"elementor-icon-list-text\">regioamsterdam@discriminatie.nl<\/span>\n\t\t\t\t\t\t\t\t\t\t\t<\/a>\n\t\t\t\t\t\t\t\t\t<\/li>\n\t\t\t\t\t\t<\/ul>\n\t\t\t\t\t\t<\/div>\n\t\t\t\t<\/div>\n\t\t\t\t<div class=\"elementor-element elementor-element-398b85d elementor-icon-list--layout-traditional elementor-list-item-link-full_width elementor-widget elementor-widget-icon-list\" data-id=\"398b85d\" data-element_type=\"widget\" data-e-type=\"widget\" data-widget_type=\"icon-list.default\">\n\t\t\t\t<div class=\"elementor-widget-container\">\n\t\t\t\t\t\t\t<ul class=\"elementor-icon-list-items\">\n\t\t\t\t\t\t\t<li class=\"elementor-icon-list-item\">\n\t\t\t\t\t\t\t\t\t\t\t<span class=\"elementor-icon-list-icon\">\n\t\t\t\t\t\t\t<i aria-hidden=\"true\" class=\"far fa-calendar-check\"><\/i>\t\t\t\t\t\t<\/span>\n\t\t\t\t\t\t\t\t\t\t<span class=\"elementor-icon-list-text\">Hafta i\u00e7i 09:00 - 17:00 saatleri aras\u0131nda<\/span>\n\t\t\t\t\t\t\t\t\t<\/li>\n\t\t\t\t\t\t<\/ul>\n\t\t\t\t\t\t<\/div>\n\t\t\t\t<\/div>\n\t\t\t\t<div class=\"elementor-element elementor-element-fd27e61 elementor-icon-list--layout-traditional elementor-list-item-link-full_width elementor-widget elementor-widget-icon-list\" data-id=\"fd27e61\" data-element_type=\"widget\" data-e-type=\"widget\" data-widget_type=\"icon-list.default\">\n\t\t\t\t<div class=\"elementor-widget-container\">\n\t\t\t\t\t\t\t<ul class=\"elementor-icon-list-items\">\n\t\t\t\t\t\t\t<li class=\"elementor-icon-list-item\">\n\t\t\t\t\t\t\t\t\t\t\t<span class=\"elementor-icon-list-icon\">\n\t\t\t\t\t\t\t<i aria-hidden=\"true\" class=\"fas fa-check\"><\/i>\t\t\t\t\t\t<\/span>\n\t\t\t\t\t\t\t\t\t\t<span class=\"elementor-icon-list-text\">Ticaret Odas\u0131: 41215972<\/span>\n\t\t\t\t\t\t\t\t\t<\/li>\n\t\t\t\t\t\t\t\t<li class=\"elementor-icon-list-item\">\n\t\t\t\t\t\t\t\t\t\t\t<span class=\"elementor-icon-list-icon\">\n\t\t\t\t\t\t\t<i aria-hidden=\"true\" class=\"fas fa-check-double\"><\/i>\t\t\t\t\t\t<\/span>\n\t\t\t\t\t\t\t\t\t\t<span class=\"elementor-icon-list-text\">RSIN: 804801861<\/span>\n\t\t\t\t\t\t\t\t\t<\/li>\n\t\t\t\t\t\t<\/ul>\n\t\t\t\t\t\t<\/div>\n\t\t\t\t<\/div>\n\t\t\t\t\t<\/div>\n\t\t<\/div>\n\t\t\t\t\t<\/div>\n\t\t<\/section>\n\t\t\t\t\t<\/div>\n\t\t<\/div>\n\t\t\t\t\t<\/div>\n\t\t<\/section>\n\t\t\t\t<\/div>","protected":false},"excerpt":{"rendered":"<p>Meldpunt Discriminatie Regio Amsterdam Wij werken voor alle inwoners van Aalsmeer, Amstelveen, Amsterdam, Diemen, Ouder-Amstel, Uithoorn en Stadsgebied Driemond-Weesp.\u00a0Heb je een vraag? Bel of mail ons. Wil je bij ons op kantoor langskomen? Maak dan even een afspraak. Meldpunt Discriminatie Regio Amsterdam Hobbemakade 29-H 1071 XK Amsterdam 020 638 55 51 WhatsApp regioamsterdam@discriminatie.nl Op werkdagen [&hellip;]<\/p>\n","protected":false},"author":1,"featured_media":0,"parent":0,"menu_order":0,"comment_status":"closed","ping_status":"closed","template":"elementor_header_footer","meta":{"_yoast_wpseo_focuskw":"","_yoast_wpseo_title":"Meldpunt Discriminatie Regio Amsterdam | Contact","_yoast_wpseo_metadesc":"Wij werken voor alle inwoners van Aalsmeer, Amstelveen, Amsterdam, Diemen, Ouder-Amstel en Uithoorn. Heb je een vraag? Bel, mail of kom langs!","site-sidebar-layout":"default","site-content-layout":"page-builder","ast-site-content-layout":"default","site-content-style":"default","site-sidebar-style":"default","ast-global-header-display":"","ast-banner-title-visibility":"","ast-main-header-display":"","ast-hfb-above-header-display":"","ast-hfb-below-header-display":"","ast-hfb-mobile-header-display":"","site-post-title":"disabled","ast-breadcrumbs-content":"","ast-featured-img":"disabled","footer-sml-layout":"","ast-disable-related-posts":"","theme-transparent-header-meta":"default","adv-header-id-meta":"","stick-header-meta":"","header-above-stick-meta":"","header-main-stick-meta":"","header-below-stick-meta":"","astra-migrate-meta-layouts":"default","ast-page-background-enabled":"default","ast-page-background-meta":{"desktop":{"background-color":"","background-image":"","background-repeat":"repeat","background-position":"center center","background-size":"auto","background-attachment":"scroll","background-type":"","background-media":"","overlay-type":"","overlay-color":"","overlay-opacity":"","overlay-gradient":""},"tablet":{"background-color":"","background-image":"","background-repeat":"repeat","background-position":"center center","background-size":"auto","background-attachment":"scroll","background-type":"","background-media":"","overlay-type":"","overlay-color":"","overlay-opacity":"","overlay-gradient":""},"mobile":{"background-color":"","background-image":"","background-repeat":"repeat","background-position":"center center","background-size":"auto","background-attachment":"scroll","background-type":"","background-media":"","overlay-type":"","overlay-color":"","overlay-opacity":"","overlay-gradient":""}},"ast-content-background-meta":{"desktop":{"background-color":"var(--ast-global-color-5)","background-image":"","background-repeat":"repeat","background-position":"center center","background-size":"auto","background-attachment":"scroll","background-type":"","background-media":"","overlay-type":"","overlay-color":"","overlay-opacity":"","overlay-gradient":""},"tablet":{"background-color":"var(--ast-global-color-5)","background-image":"","background-repeat":"repeat","background-position":"center center","background-size":"auto","background-attachment":"scroll","background-type":"","background-media":"","overlay-type":"","overlay-color":"","overlay-opacity":"","overlay-gradient":""},"mobile":{"background-color":"var(--ast-global-color-5)","background-image":"","background-repeat":"repeat","background-position":"center center","background-size":"auto","background-attachment":"scroll","background-type":"","background-media":"","overlay-type":"","overlay-color":"","overlay-opacity":"","overlay-gradient":""}},"footnotes":""},"class_list":["post-34","page","type-page","status-publish","hentry"],"yoast_head":"<!-- This site is optimized with the Yoast SEO plugin v27.5 - https:\/\/yoast.com\/product\/yoast-seo-wordpress\/ -->\n<title>Meldpunt Discriminatie Regio Amsterdam | Contact<\/title>\n<meta name=\"description\" content=\"Wij werken voor alle inwoners van Aalsmeer, Amstelveen, Amsterdam, Diemen, Ouder-Amstel en Uithoorn. Heb je een vraag? Bel, mail of kom langs!\" \/>\n<meta name=\"robots\" content=\"index, follow, max-snippet:-1, max-image-preview:large, max-video-preview:-1\" \/>\n<link rel=\"canonical\" href=\"https:\/\/mdra.nl\/tr\/iletisim\/\" \/>\n<meta property=\"og:locale\" content=\"tr_TR\" \/>\n<meta property=\"og:type\" content=\"article\" \/>\n<meta property=\"og:title\" content=\"Meldpunt Discriminatie Regio Amsterdam | Contact\" \/>\n<meta property=\"og:description\" content=\"Wij werken voor alle inwoners van Aalsmeer, Amstelveen, Amsterdam, Diemen, Ouder-Amstel en Uithoorn. Heb je een vraag? Bel, mail of kom langs!\" \/>\n<meta property=\"og:url\" content=\"https:\/\/mdra.nl\/tr\/iletisim\/\" \/>\n<meta property=\"og:site_name\" content=\"Meldpunt Discriminatie Regio Amsterdam\" \/>\n<meta property=\"article:publisher\" content=\"https:\/\/www.facebook.com\/discriminatie020\" \/>\n<meta property=\"article:modified_time\" content=\"2024-01-19T11:47:43+00:00\" \/>\n<meta name=\"twitter:card\" content=\"summary_large_image\" \/>\n<meta name=\"twitter:site\" content=\"@discriminatie02\" \/>\n<meta name=\"twitter:label1\" content=\"Tahmini okuma s\u00fcresi\" \/>\n\t<meta name=\"twitter:data1\" content=\"1 dakika\" \/>\n<script type=\"application\/ld+json\" class=\"yoast-schema-graph\">{\"@context\":\"https:\\\/\\\/schema.org\",\"@graph\":[{\"@type\":\"WebPage\",\"@id\":\"https:\\\/\\\/mdra.nl\\\/contact\\\/\",\"url\":\"https:\\\/\\\/mdra.nl\\\/contact\\\/\",\"name\":\"Meldpunt Discriminatie Regio Amsterdam | Contact\",\"isPartOf\":{\"@id\":\"https:\\\/\\\/mdra.nl\\\/#website\"},\"datePublished\":\"2019-10-11T17:38:29+00:00\",\"dateModified\":\"2024-01-19T11:47:43+00:00\",\"description\":\"Wij werken voor alle inwoners van Aalsmeer, Amstelveen, Amsterdam, Diemen, Ouder-Amstel en Uithoorn. Heb je een vraag? Bel, mail of kom langs!\",\"breadcrumb\":{\"@id\":\"https:\\\/\\\/mdra.nl\\\/contact\\\/#breadcrumb\"},\"inLanguage\":\"tr\",\"potentialAction\":[{\"@type\":\"ReadAction\",\"target\":[\"https:\\\/\\\/mdra.nl\\\/contact\\\/\"]}]},{\"@type\":\"BreadcrumbList\",\"@id\":\"https:\\\/\\\/mdra.nl\\\/contact\\\/#breadcrumb\",\"itemListElement\":[{\"@type\":\"ListItem\",\"position\":1,\"name\":\"Home\",\"item\":\"https:\\\/\\\/mdra.nl\\\/\"},{\"@type\":\"ListItem\",\"position\":2,\"name\":\"Contact\"}]},{\"@type\":\"WebSite\",\"@id\":\"https:\\\/\\\/mdra.nl\\\/#website\",\"url\":\"https:\\\/\\\/mdra.nl\\\/\",\"name\":\"Discriminatie Regio Amsterdam\",\"description\":\"Gediscrimineerd. En nu?\",\"publisher\":{\"@id\":\"https:\\\/\\\/mdra.nl\\\/#organization\"},\"alternateName\":\"DRA\",\"potentialAction\":[{\"@type\":\"SearchAction\",\"target\":{\"@type\":\"EntryPoint\",\"urlTemplate\":\"https:\\\/\\\/mdra.nl\\\/?s={search_term_string}\"},\"query-input\":{\"@type\":\"PropertyValueSpecification\",\"valueRequired\":true,\"valueName\":\"search_term_string\"}}],\"inLanguage\":\"tr\"},{\"@type\":\"NGO\",\"@id\":\"https:\\\/\\\/mdra.nl\\\/#organization\",\"name\":\"Stichting Meldpunt Discriminatie Regio Amsterdam\",\"alternateName\":[\"MDRA\",\"Discriminatie.nl Regio Amsterdam\"],\"url\":\"https:\\\/\\\/mdra.nl\\\/\",\"logo\":{\"@type\":\"ImageObject\",\"url\":\"https:\\\/\\\/mdra.nl\\\/wp-content\\\/uploads\\\/2022\\\/07\\\/logo.png\",\"width\":605,\"height\":158},\"description\":\"Onafhankelijke stichting met wettelijke taak (Wet gemeentelijke antidiscriminatievoorzieningen) voor klachtbehandeling, advies en preventie van discriminatie in de gemeenten Amsterdam, Diemen, Amstelveen, Aalsmeer, Uithoorn en Ouder-Amstel. Per 1 januari 2024 ook bekend als Discriminatie.nl Regio Amsterdam. Sinds 1995 actief.\",\"foundingDate\":\"1995\",\"nonprofitStatus\":\"NonprofitANBI\",\"identifier\":[{\"@type\":\"PropertyValue\",\"propertyID\":\"KvK\",\"value\":\"41215972\"},{\"@type\":\"PropertyValue\",\"propertyID\":\"RSIN\",\"value\":\"804801861\"}],\"areaServed\":{\"@type\":\"AdministrativeArea\",\"name\":\"Amsterdam-Amstelland, Nederland\",\"containsPlace\":[{\"@type\":\"City\",\"name\":\"Amsterdam\"},{\"@type\":\"City\",\"name\":\"Diemen\"},{\"@type\":\"City\",\"name\":\"Amstelveen\"},{\"@type\":\"City\",\"name\":\"Aalsmeer\"},{\"@type\":\"City\",\"name\":\"Uithoorn\"},{\"@type\":\"City\",\"name\":\"Ouder-Amstel\"}]},\"knowsAbout\":[\"Discriminatie\",\"Antidiscriminatie\",\"Gelijke behandeling\",\"Algemene wet gelijke behandeling\",\"Wet gemeentelijke antidiscriminatievoorzieningen\",\"Racisme\",\"Anti-zwart racisme\",\"Antisemitisme\",\"Moslimdiscriminatie\",\"LHBTIQ+-discriminatie\",\"Discriminatie op grond van handicap\",\"Discriminatie op grond van leeftijd\",\"Discriminatie op de arbeidsmarkt\",\"Discriminatie op de woningmarkt\",\"Mensenrechten\"],\"address\":{\"@type\":\"PostalAddress\",\"streetAddress\":\"Hobbemakade 29-H\",\"addressLocality\":\"Amsterdam\",\"postalCode\":\"1071 XK\",\"addressCountry\":\"NL\"},\"contactPoint\":[{\"@type\":\"ContactPoint\",\"contactType\":\"discriminatiemelding\",\"telephone\":\"+31-20-6385551\",\"email\":\"regioamsterdam@discriminatie.nl\",\"areaServed\":\"NL-NH\",\"availableLanguage\":[\"Dutch\",\"English\",\"Turkish\",\"Spanish\"]},{\"@type\":\"ContactPoint\",\"contactType\":\"discriminatiemelding (landelijk)\",\"telephone\":\"+31-800-0880\",\"areaServed\":\"NL\",\"availableLanguage\":\"Dutch\"}],\"memberOf\":{\"@type\":\"NGO\",\"@id\":\"https:\\\/\\\/discriminatie.nl\\\/#organization\",\"name\":\"Vereniging Discriminatie.nl\",\"url\":\"https:\\\/\\\/discriminatie.nl\\\/\"},\"sameAs\":[\"https:\\\/\\\/nl.linkedin.com\\\/company\\\/meldpunt-discriminatie-regio-amsterdam\",\"https:\\\/\\\/discriminatie.nl\\\/regioamsterdam\\\/\",\"https:\\\/\\\/www.wikidata.org\\\/wiki\\\/Q139678882\"]}]}<\/script>\n<!-- \/ Yoast SEO plugin. -->","yoast_head_json":{"title":"Meldpunt Discriminatie Regio Amsterdam | \u0130leti\u015fim","description":"Aalsmeer, Amstelveen, Amsterdam, Diemen, Ouder-Amstel ve Uithoorn'da ikamet eden herkes i\u00e7in \u00e7al\u0131\u015f\u0131yoruz. Bir sorunuz mu var? Aray\u0131n, e-posta g\u00f6nderin veya u\u011fray\u0131n!","robots":{"index":"index","follow":"follow","max-snippet":"max-snippet:-1","max-image-preview":"max-image-preview:large","max-video-preview":"max-video-preview:-1"},"canonical":"https:\/\/mdra.nl\/tr\/iletisim\/","og_locale":"tr_TR","og_type":"article","og_title":"Meldpunt Discriminatie Regio Amsterdam | Contact","og_description":"Wij werken voor alle inwoners van Aalsmeer, Amstelveen, Amsterdam, Diemen, Ouder-Amstel en Uithoorn. Heb je een vraag? Bel, mail of kom langs!","og_url":"https:\/\/mdra.nl\/tr\/iletisim\/","og_site_name":"Meldpunt Discriminatie Regio Amsterdam","article_publisher":"https:\/\/www.facebook.com\/discriminatie020","article_modified_time":"2024-01-19T11:47:43+00:00","twitter_card":"summary_large_image","twitter_site":"@discriminatie02","twitter_misc":{"Tahmini okuma s\u00fcresi":"1 dakika"},"schema":{"@context":"https:\/\/schema.org","@graph":[{"@type":"WebPage","@id":"https:\/\/mdra.nl\/contact\/","url":"https:\/\/mdra.nl\/contact\/","name":"Meldpunt Discriminatie Regio Amsterdam | \u0130leti\u015fim","isPartOf":{"@id":"https:\/\/mdra.nl\/#website"},"datePublished":"2019-10-11T17:38:29+00:00","dateModified":"2024-01-19T11:47:43+00:00","description":"Aalsmeer, Amstelveen, Amsterdam, Diemen, Ouder-Amstel ve Uithoorn'da ikamet eden herkes i\u00e7in \u00e7al\u0131\u015f\u0131yoruz. Bir sorunuz mu var? Aray\u0131n, e-posta g\u00f6nderin veya u\u011fray\u0131n!","breadcrumb":{"@id":"https:\/\/mdra.nl\/contact\/#breadcrumb"},"inLanguage":"tr","potentialAction":[{"@type":"ReadAction","target":["https:\/\/mdra.nl\/contact\/"]}]},{"@type":"BreadcrumbList","@id":"https:\/\/mdra.nl\/contact\/#breadcrumb","itemListElement":[{"@type":"ListItem","position":1,"name":"Home","item":"https:\/\/mdra.nl\/"},{"@type":"ListItem","position":2,"name":"Contact"}]},{"@type":"WebSite","@id":"https:\/\/mdra.nl\/#website","url":"https:\/\/mdra.nl\/","name":"Discriminatie Regio Amsterdam","description":"Ayr\u0131mc\u0131l\u0131\u011fa u\u011frad\u0131m. Ya \u015fimdi?","publisher":{"@id":"https:\/\/mdra.nl\/#organization"},"alternateName":"DRA","potentialAction":[{"@type":"SearchAction","target":{"@type":"EntryPoint","urlTemplate":"https:\/\/mdra.nl\/?s={search_term_string}"},"query-input":{"@type":"PropertyValueSpecification","valueRequired":true,"valueName":"search_term_string"}}],"inLanguage":"tr"},{"@type":"NGO","@id":"https:\/\/mdra.nl\/#organization","name":"Stichting Meldpunt Discriminatie Regio Amsterdam","alternateName":["MDRA","Discriminatie.nl Regio Amsterdam"],"url":"https:\/\/mdra.nl\/","logo":{"@type":"ImageObject","url":"https:\/\/mdra.nl\/wp-content\/uploads\/2022\/07\/logo.png","width":605,"height":158},"description":"Onafhankelijke stichting met wettelijke taak (Wet gemeentelijke antidiscriminatievoorzieningen) voor klachtbehandeling, advies en preventie van discriminatie in de gemeenten Amsterdam, Diemen, Amstelveen, Aalsmeer, Uithoorn en Ouder-Amstel. Per 1 januari 2024 ook bekend als Discriminatie.nl Regio Amsterdam. Sinds 1995 actief.","foundingDate":"1995","nonprofitStatus":"NonprofitANBI","identifier":[{"@type":"PropertyValue","propertyID":"KvK","value":"41215972"},{"@type":"PropertyValue","propertyID":"RSIN","value":"804801861"}],"areaServed":{"@type":"AdministrativeArea","name":"Amsterdam-Amstelland, Nederland","containsPlace":[{"@type":"City","name":"Amsterdam"},{"@type":"City","name":"Diemen"},{"@type":"City","name":"Amstelveen"},{"@type":"City","name":"Aalsmeer"},{"@type":"City","name":"Uithoorn"},{"@type":"City","name":"Ouder-Amstel"}]},"knowsAbout":["Discriminatie","Antidiscriminatie","Gelijke behandeling","Algemene wet gelijke behandeling","Wet gemeentelijke antidiscriminatievoorzieningen","Racisme","Anti-zwart racisme","Antisemitisme","Moslimdiscriminatie","LHBTIQ+-discriminatie","Discriminatie op grond van handicap","Discriminatie op grond van leeftijd","Discriminatie op de arbeidsmarkt","Discriminatie op de woningmarkt","Mensenrechten"],"address":{"@type":"PostalAddress","streetAddress":"Hobbemakade 29-H","addressLocality":"Amsterdam","postalCode":"1071 XK","addressCountry":"NL"},"contactPoint":[{"@type":"ContactPoint","contactType":"discriminatiemelding","telephone":"+31-20-6385551","email":"regioamsterdam@discriminatie.nl","areaServed":"NL-NH","availableLanguage":["Dutch","English","Turkish","Spanish"]},{"@type":"ContactPoint","contactType":"discriminatiemelding (landelijk)","telephone":"+31-800-0880","areaServed":"NL","availableLanguage":"Dutch"}],"memberOf":{"@type":"NGO","@id":"https:\/\/discriminatie.nl\/#organization","name":"Vereniging Discriminatie.nl","url":"https:\/\/discriminatie.nl\/"},"sameAs":["https:\/\/nl.linkedin.com\/company\/meldpunt-discriminatie-regio-amsterdam","https:\/\/discriminatie.nl\/regioamsterdam\/","https:\/\/www.wikidata.org\/wiki\/Q139678882"]}]}},"_links":{"self":[{"href":"https:\/\/mdra.nl\/tr\/wp-json\/wp\/v2\/pages\/34","targetHints":{"allow":["GET"]}}],"collection":[{"href":"https:\/\/mdra.nl\/tr\/wp-json\/wp\/v2\/pages"}],"about":[{"href":"https:\/\/mdra.nl\/tr\/wp-json\/wp\/v2\/types\/page"}],"author":[{"embeddable":true,"href":"https:\/\/mdra.nl\/tr\/wp-json\/wp\/v2\/users\/1"}],"replies":[{"embeddable":true,"href":"https:\/\/mdra.nl\/tr\/wp-json\/wp\/v2\/comments?post=34"}],"version-history":[{"count":45,"href":"https:\/\/mdra.nl\/tr\/wp-json\/wp\/v2\/pages\/34\/revisions"}],"predecessor-version":[{"id":2775,"href":"https:\/\/mdra.nl\/tr\/wp-json\/wp\/v2\/pages\/34\/revisions\/2775"}],"wp:attachment":[{"href":"https:\/\/mdra.nl\/tr\/wp-json\/wp\/v2\/media?parent=34"}],"curies":[{"name":"wp","href":"https:\/\/api.w.org\/{rel}","templated":true}]}}