{"id":44,"date":"2019-10-11T19:41:05","date_gmt":"2019-10-11T19:41:05","guid":{"rendered":"https:\/\/mdra.nl\/?page_id=44"},"modified":"2023-12-14T16:25:12","modified_gmt":"2023-12-14T15:25:12","slug":"gi%cc%87zli%cc%87li%cc%87k-bi%cc%87ldi%cc%87ri%cc%87mi%cc%87","status":"publish","type":"page","link":"https:\/\/mdra.nl\/tr\/privacyverklaring\/","title":{"rendered":"Gizlilik beyan\u0131"},"content":{"rendered":"<div data-elementor-type=\"wp-page\" data-elementor-id=\"44\" class=\"elementor elementor-44\" data-elementor-post-type=\"page\">\n\t\t\t\t\t\t<section class=\"elementor-section elementor-top-section elementor-element elementor-element-b534f3a elementor-section-boxed elementor-section-height-default elementor-section-height-default\" data-id=\"b534f3a\" data-element_type=\"section\" data-e-type=\"section\">\n\t\t\t\t\t\t<div class=\"elementor-container elementor-column-gap-default\">\n\t\t\t\t\t<div class=\"elementor-column elementor-col-100 elementor-top-column elementor-element elementor-element-05ee5b5\" data-id=\"05ee5b5\" data-element_type=\"column\" data-e-type=\"column\">\n\t\t\t<div class=\"elementor-widget-wrap elementor-element-populated\">\n\t\t\t\t\t\t<section class=\"elementor-section elementor-inner-section elementor-element elementor-element-79e6fe4 elementor-section-boxed elementor-section-height-default elementor-section-height-default\" data-id=\"79e6fe4\" data-element_type=\"section\" data-e-type=\"section\">\n\t\t\t\t\t\t<div class=\"elementor-container elementor-column-gap-default\">\n\t\t\t\t\t<div class=\"elementor-column elementor-col-100 elementor-inner-column elementor-element elementor-element-a01630d\" data-id=\"a01630d\" data-element_type=\"column\" data-e-type=\"column\">\n\t\t\t<div class=\"elementor-widget-wrap elementor-element-populated\">\n\t\t\t\t\t\t<div class=\"elementor-element elementor-element-33ce13b elementor-widget elementor-widget-heading\" data-id=\"33ce13b\" data-element_type=\"widget\" data-e-type=\"widget\" data-widget_type=\"heading.default\">\n\t\t\t\t<div class=\"elementor-widget-container\">\n\t\t\t\t\t<h1 class=\"elementor-heading-title elementor-size-default\">Gizlilik beyan\u0131<\/h1>\t\t\t\t<\/div>\n\t\t\t\t<\/div>\n\t\t\t\t<div class=\"elementor-element elementor-element-2bd90a4 elementor-widget elementor-widget-text-editor\" data-id=\"2bd90a4\" data-element_type=\"widget\" data-e-type=\"widget\" data-widget_type=\"text-editor.default\">\n\t\t\t\t<div class=\"elementor-widget-container\">\n\t\t\t\t\t\t\t\t\t<p>MDRA olarak, ki\u015fisel verilerinizin korunmas\u0131n\u0131n ne kadar \u00f6nemli oldu\u011funun fark\u0131nday\u0131z. Ki\u015fisel verilerinizi May\u0131s 2018'de y\u00fcr\u00fcrl\u00fc\u011fe giren Genel Veri Koruma Y\u00f6netmeli\u011fi'ne uygun olarak sorumlu bir \u015fekilde i\u015flemek i\u00e7in her t\u00fcrl\u00fc \u00e7abay\u0131 g\u00f6steriyoruz. Bu beyan, bunu nas\u0131l yapt\u0131\u011f\u0131m\u0131z\u0131 ve verilerinize ne oldu\u011funu anlamaya y\u00f6nelik ilk ad\u0131md\u0131r.<\/p><p><i>Bu gizlilik bildirimi a\u015fa\u011f\u0131daki \u015fekilde yap\u0131land\u0131r\u0131lm\u0131\u015ft\u0131r:<\/i><br \/>1. Veri i\u015fleme \u015fikayeti ayr\u0131mc\u0131l\u0131\u011f\u0131;<br \/>2. Veri i\u015fleme web sitesini ziyaret edin;<br \/>3. Telefon veya posta yoluyla veri i\u015fleme;<br \/>4. Ki\u015fisel verilerin \u00fc\u00e7\u00fcnc\u00fc taraflara if\u015fa edilmesi;<br \/>5. G\u00fcvenlik;<br \/>6. Veri sahiplerinin haklar\u0131;<br \/>7. \u0130leti\u015fim bilgileri;<br \/>8. Gizlilik Bildirimimizdeki De\u011fi\u015fiklikler.<\/p><p><b>1. Veri i\u015fleme \u015fikayeti ayr\u0131mc\u0131l\u0131\u011f\u0131<\/b><br \/>MDRA, Belediye Ayr\u0131mc\u0131l\u0131kla M\u00fccadele Kurumlar\u0131 Yasas\u0131'nda tan\u0131mland\u0131\u011f\u0131 \u00fczere bir ayr\u0131mc\u0131l\u0131kla m\u00fccadele kurumudur. Bu yasan\u0131n 1. B\u00f6l\u00fcm\u00fcn\u00fcn a bendinde ayr\u0131mc\u0131l\u0131kla m\u00fccadele kurumunun vatanda\u015flara ayr\u0131mc\u0131l\u0131kla ilgili \u015fikayetlerinin \u00e7\u00f6z\u00fcm\u00fcnde ba\u011f\u0131ms\u0131z yard\u0131m sa\u011flama g\u00f6revi oldu\u011fu belirtilmektedir. Alt b\u00f6l\u00fcm b, alt b\u00f6l\u00fcm a kapsam\u0131ndaki \u015fikayetlerin kaydedilmesi gerekti\u011fini temel bir g\u00f6rev olarak belirtmektedir. Bu h\u00fck\u00fcm ile kay\u0131t ve veri i\u015fleme yasal bir zorunluluktan kaynaklanmaktad\u0131r. Bu yasal h\u00fck\u00fcm, veri sorumlusuna y\u00fcklenen yasal bir y\u00fck\u00fcml\u00fcl\u00fc\u011fe uymak i\u00e7in ki\u015fisel verileri i\u015flemelerinin gerekli oldu\u011funu g\u00f6stermektedir.<br \/>MDRA, kurulu\u015fun yasal g\u00f6revi gere\u011fi \u00f6zel ki\u015fisel verileri (din veya inan\u00e7, \u0131rk, siyasi g\u00f6r\u00fc\u015f, sa\u011fl\u0131k, cinsel ya\u015fam ve sendika \u00fcyeli\u011fine ili\u015fkin ki\u015fisel veriler) i\u015fler. Ayr\u0131mc\u0131l\u0131k ulusal yasalar taraf\u0131ndan yasaklanm\u0131\u015ft\u0131r. MDRA'n\u0131n g\u00f6revi ayr\u0131mc\u0131l\u0131\u011f\u0131 \u00f6nlemek ve ayr\u0131mc\u0131l\u0131kla m\u00fccadele etmektir. Bu g\u00f6rev ulusal hukuk taraf\u0131ndan d\u00fczenlenen bir \u015feyi uygulad\u0131\u011f\u0131 i\u00e7in, MDRA \u00f6nemli bir kamu yarar\u0131 g\u00f6revini yerine getirmektedir. Bu nedenle, MDRA'n\u0131n \u00f6zel ki\u015fisel verileri kaydetmesine de izin verilmektedir.<\/p><p>\u015eikayetlerin ele al\u0131nmas\u0131 i\u00e7in, en az\u0131ndan bildirimde bulunan ki\u015finin posta koduna sahip olunmas\u0131 gerekmektedir.<br \/>\u0130simsiz bir bildirimde bulunmak m\u00fcmk\u00fcn olmaya devam etmektedir, ancak bir \u015fikayette bulunulmas\u0131 halinde, baz\u0131 ki\u015fisel verilere sahip olmak \u00e7ok \u00f6nemlidir. \u0130lgili ki\u015fi arabuluculu\u011fa gitmeyi tercih ederse, veriler bu ilgili ki\u015fi veya kurumla payla\u015f\u0131labilir. \u0130lgili ki\u015fi arabuluculuk istemezse, \u00fc\u00e7\u00fcnc\u00fc taraflara hi\u00e7bir veri sa\u011flanmayacakt\u0131r.<\/p><p><b>2. Veri i\u015fleme web sitesini ziyaret edin<\/b><br \/>MDRA'n\u0131n hangi bilgileri toplayaca\u011f\u0131, veri sahibi www.mdra.nl web sitemizi ziyaret etti\u011finde veri sahibinin ne yapt\u0131\u011f\u0131na ba\u011fl\u0131d\u0131r. Bir veri denetleyicisi olarak MDRA'n\u0131n veri denetleyicisi ile bir i\u015fleme s\u00f6zle\u015fmesi vard\u0131r (<a href=\"https:\/\/surver.nl\">Surver<\/a>) web sitesinden kapat\u0131lm\u0131\u015ft\u0131r.<\/p><p><b>3. Telefon veya posta yoluyla veri i\u015fleme<\/b><br \/>MDRA'ya e-posta, web formu veya telefon yoluyla ki\u015fisel veriler sa\u011fland\u0131\u011f\u0131nda, bu veriler toplan\u0131r ve b\u0131rakt\u0131\u011f\u0131n\u0131z ama\u00e7 i\u00e7in (sorunuzu yan\u0131tlamak veya istenen bilgileri size g\u00f6nderebilmek) ve muhtemelen hizmet sunumunu \u00f6l\u00e7mek i\u00e7in dahili kalite anketleri i\u00e7in kullan\u0131l\u0131r. Anonim hale getirilen veriler analiz, raporlama ve ara\u015ft\u0131rma i\u00e7in kullan\u0131lacakt\u0131r.<\/p><p>Bize bir soru sorman\u0131z veya bilgi talep etmeniz halinde, MDRA yukar\u0131da belirtilen ki\u015fisel verilerin i\u015flenmesinde me\u015fru bir menfaate sahiptir. Bu verilerin i\u015flenmesi, talebinizin uygun \u015fekilde ele al\u0131nmas\u0131 i\u00e7in gereklidir.<\/p><p><b>4. Ki\u015fisel verilerin \u00fc\u00e7\u00fcnc\u00fc taraflara sa\u011flanmas\u0131<\/b><br \/>MDRA'n\u0131n ki\u015fisel verileri \u00fc\u00e7\u00fcnc\u00fc taraflara if\u015fa etmesi halinde, kanunen gerekli olmad\u0131\u011f\u0131 s\u00fcrece, MDRA ilgili taraflardan \u00f6nceden izin alacakt\u0131r.<\/p><p><b>5. G\u00fcvenlik<\/b><br \/>MDRA kendisine emanet edilen verileri kay\u0131p, k\u00f6t\u00fcye kullan\u0131m, yetkisiz eri\u015fim, if\u015fa ve de\u011fi\u015fiklik riskini en aza indirmek i\u00e7in teknik ve organizasyonel g\u00fcvenlik \u00f6nlemleri kullanarak korur. Bunlar, verilere ve sunuculara y\u00f6nelik fiziksel ve idari eri\u015fim kontrollerini i\u00e7erir.<\/p><p>Al\u0131nan g\u00fcvenlik \u00f6nlemlerine ra\u011fmen bir g\u00fcvenlik olay\u0131 meydana gelirse, gizlili\u011finiz \u00fczerindeki etkiyi en aza indirmek i\u00e7in \u00f6nlemler alaca\u011f\u0131z.<br \/>B\u00f6yle bir olay veri ihlali olarak nitelendirilirse, bunu Ki\u015fisel Veri Kurumuna ve gerekirse ki\u015fisel verilerin ilgili oldu\u011fu veri sahibine\/ sahiplerine bildirece\u011fiz.<\/p><p><b>6. Veri sahiplerinin haklar\u0131<\/b><br \/>Veri sahibini korumak i\u00e7in, kanun veri sahibine bir dizi hak tan\u0131m\u0131\u015ft\u0131r. Bu haklar, veri sahibinin hizmet ki\u015fisel verileri \u00fczerindeki kontrol\u00fc ile ilgilidir. Genel Veri Koruma Y\u00f6netmeli\u011fi, ki\u015fisel verileri i\u015flenen bireylere \u00e7e\u015fitli haklar tan\u0131maktad\u0131r. Bu haklar, ki\u015fisel verilerinin i\u015flenmesini kontrol etmek ve etkilemek i\u00e7in daha fazla ara\u00e7 sa\u011flar. Veri sahibinin haklar\u0131 a\u015fa\u011f\u0131da listelenmi\u015ftir.<\/p><p><i>Bilgi edinme hakk\u0131:<\/i><br \/>MDRA, veri sahibini ki\u015fisel verilerinin i\u015flenmekte oldu\u011fu konusunda bilgilendirmelidir. Buna ek olarak, ki\u015fisel verilerin toplanmas\u0131 s\u0131ras\u0131nda ve i\u015flenmeden \u00f6nce, veri sahibine i\u015flemenin ama\u00e7lar\u0131n\u0131n ne oldu\u011fu a\u00e7\u0131k olmal\u0131d\u0131r. \u0130\u015flemenin amac\u0131n\u0131n de\u011fi\u015fmesi halinde, veri sahibi buna uygun olarak bilgilendirilmelidir.<\/p><p><i>Denetim hakk\u0131:<\/i><br \/>MDRA, veri sahibine verilerini inceleme f\u0131rsat\u0131 vermelidir. \u0130nceleme hakk\u0131 verilirken, MDRA'n\u0131n veri sahibini bilgi gereklilikleri konusunda bilgilendirmesi gerekecektir.<\/p><p><i>D\u00fczeltme hakk\u0131:<\/i><br \/>Yanl\u0131\u015f ki\u015fisel verilerin i\u015flenmesi durumunda, ilgili ki\u015fi d\u00fczeltme hakk\u0131na sahiptir. D\u00fczeltme, eksik verilere dayal\u0131 ek bir beyan\u0131n sunulabilece\u011fi anlam\u0131na gelir.<\/p><p><i>Veri silme\/unutulma hakk\u0131:<\/i><br \/>MDRA, veri sahibinin ki\u015fisel verilerini makul olmayan bir gecikme olmaks\u0131z\u0131n silmekle y\u00fck\u00fcml\u00fcd\u00fcr. Bu, ki\u015fisel verilerin topland\u0131klar\u0131 veya ba\u015fka bir \u015fekilde i\u015flendikleri ama\u00e7lar i\u00e7in art\u0131k gerekli olmamas\u0131 durumunda yap\u0131lmal\u0131d\u0131r. MDRA, veri sahibinin beklenmedik bir \u015fekilde r\u0131zas\u0131n\u0131 geri \u00e7ekmesi ve i\u015fleme i\u00e7in ba\u015fka bir yasal dayanak bulunmamas\u0131 halinde de verileri silmelidir. Veriler, veri sahibinin i\u015flemeye itiraz etmesi veya ki\u015fisel verilerin hukuka ayk\u0131r\u0131 olarak i\u015flenmesi durumunda da silinmelidir.<\/p><p><i>\u0130\u015flemeyi k\u0131s\u0131tlama hakk\u0131:<\/i><br \/>\u0130\u015flemenin k\u0131s\u0131tlanmas\u0131 hakk\u0131, hi\u00e7bir i\u015flemenin veya de\u011fi\u015fikli\u011fin (ge\u00e7ici olarak) ger\u00e7ekle\u015ftirilemeyece\u011fi anlam\u0131na gelir. Bir k\u0131s\u0131tlama olmas\u0131 halinde, MDRA bunu bir dosyada a\u00e7\u0131k\u00e7a belirtmi\u015f olmal\u0131d\u0131r. Ayr\u0131ca, veri sahibi k\u0131s\u0131tlama hakk\u0131nda ve k\u0131s\u0131tlaman\u0131n ne zaman kald\u0131r\u0131laca\u011f\u0131 konusunda bilgilendirilmelidir.<\/p><p><i>Ta\u015f\u0131nabilirlik\/veri ta\u015f\u0131nabilirli\u011fi hakk\u0131:<\/i><br \/>Veri sahibi, MDRA'ya sa\u011flanan ki\u015fisel verilerini talep etme hakk\u0131na sahiptir. Bu, veri sahibinin kendi ki\u015fisel verileri \u00fczerinde daha da fazla kontrol yarat\u0131r. Bir veri sahibi, MDRA'dan yap\u0131land\u0131r\u0131lm\u0131\u015f, ortak ve makine taraf\u0131ndan okunabilir bi\u00e7imde veri alma hakk\u0131na sahiptir.<\/p><p><i>Muhalefet\/itiraz hakk\u0131:<\/i><br \/>Veri sahipleri MDRA'dan ki\u015fisel verilerini kullanmay\u0131 durdurmas\u0131n\u0131 isteme hakk\u0131na sahiptir. Veri sahibi itiraz ederse, MDRA i\u015flemeyi durdurmal\u0131d\u0131r.<\/p><p><b>7. \u0130leti\u015fim bilgileri<\/b><br \/>MDRA'n\u0131n ileti\u015fim bilgilerine buradan ula\u015fabilirsiniz.<br \/>Ki\u015fisel verilerin i\u015flenmesine ili\u015fkin sorular\u0131n\u0131z\u0131 ve taleplerinizi \u015fu adrese iletebilirsiniz: veri koruma g\u00f6revlisi Bayan D. Koekkoek\u00a0<a href=\"mailto:discriminatie@mdra.nl\" target=\"_blank\" rel=\"noopener\">discriminatie@mdra.nl<\/a>\u00a0veya 020 638 55 51.<\/p><p><b>8. Gizlilik Bildirimimizdeki De\u011fi\u015fiklikler<\/b><br \/>Bu Gizlilik Bildirimini zaman zaman g\u00fcncelleyebiliriz. B\u00f6yle bir durumda, bu Gizlilik Bildiriminin en \u00fcst\u00fcne yeni bir tarih ekleyece\u011fiz.<\/p>\t\t\t\t\t\t\t\t<\/div>\n\t\t\t\t<\/div>\n\t\t\t\t\t<\/div>\n\t\t<\/div>\n\t\t\t\t\t<\/div>\n\t\t<\/section>\n\t\t\t\t\t<\/div>\n\t\t<\/div>\n\t\t\t\t\t<\/div>\n\t\t<\/section>\n\t\t\t\t<\/div>","protected":false},"excerpt":{"rendered":"<p>Privacyverklaring Bij het MDRA zijn we ons ervan bewust hoe belangrijk de bescherming van uw persoonsgegevens is. We doen er alles aan om uw persoonsgegevens op een verantwoorde manier te verwerken, in overeenstemming met de Algemene Verordening Gegevensbescherming die in mei 2018 van kracht is geworden. Deze verklaring is de eerste aanzet om inzichtelijk te [&hellip;]<\/p>\n","protected":false},"author":1,"featured_media":0,"parent":0,"menu_order":0,"comment_status":"closed","ping_status":"closed","template":"","meta":{"site-sidebar-layout":"no-sidebar","site-content-layout":"page-builder","ast-site-content-layout":"default","site-content-style":"default","site-sidebar-style":"default","ast-global-header-display":"","ast-banner-title-visibility":"","ast-main-header-display":"","ast-hfb-above-header-display":"","ast-hfb-below-header-display":"","ast-hfb-mobile-header-display":"","site-post-title":"disabled","ast-breadcrumbs-content":"","ast-featured-img":"disabled","footer-sml-layout":"","ast-disable-related-posts":"","theme-transparent-header-meta":"default","adv-header-id-meta":"","stick-header-meta":"","header-above-stick-meta":"","header-main-stick-meta":"","header-below-stick-meta":"","astra-migrate-meta-layouts":"default","ast-page-background-enabled":"default","ast-page-background-meta":{"desktop":{"background-color":"","background-image":"","background-repeat":"repeat","background-position":"center center","background-size":"auto","background-attachment":"scroll","background-type":"","background-media":"","overlay-type":"","overlay-color":"","overlay-opacity":"","overlay-gradient":""},"tablet":{"background-color":"","background-image":"","background-repeat":"repeat","background-position":"center center","background-size":"auto","background-attachment":"scroll","background-type":"","background-media":"","overlay-type":"","overlay-color":"","overlay-opacity":"","overlay-gradient":""},"mobile":{"background-color":"","background-image":"","background-repeat":"repeat","background-position":"center center","background-size":"auto","background-attachment":"scroll","background-type":"","background-media":"","overlay-type":"","overlay-color":"","overlay-opacity":"","overlay-gradient":""}},"ast-content-background-meta":{"desktop":{"background-color":"var(--ast-global-color-5)","background-image":"","background-repeat":"repeat","background-position":"center center","background-size":"auto","background-attachment":"scroll","background-type":"","background-media":"","overlay-type":"","overlay-color":"","overlay-opacity":"","overlay-gradient":""},"tablet":{"background-color":"var(--ast-global-color-5)","background-image":"","background-repeat":"repeat","background-position":"center center","background-size":"auto","background-attachment":"scroll","background-type":"","background-media":"","overlay-type":"","overlay-color":"","overlay-opacity":"","overlay-gradient":""},"mobile":{"background-color":"var(--ast-global-color-5)","background-image":"","background-repeat":"repeat","background-position":"center center","background-size":"auto","background-attachment":"scroll","background-type":"","background-media":"","overlay-type":"","overlay-color":"","overlay-opacity":"","overlay-gradient":""}},"footnotes":""},"class_list":["post-44","page","type-page","status-publish","hentry"],"_links":{"self":[{"href":"https:\/\/mdra.nl\/tr\/wp-json\/wp\/v2\/pages\/44","targetHints":{"allow":["GET"]}}],"collection":[{"href":"https:\/\/mdra.nl\/tr\/wp-json\/wp\/v2\/pages"}],"about":[{"href":"https:\/\/mdra.nl\/tr\/wp-json\/wp\/v2\/types\/page"}],"author":[{"embeddable":true,"href":"https:\/\/mdra.nl\/tr\/wp-json\/wp\/v2\/users\/1"}],"replies":[{"embeddable":true,"href":"https:\/\/mdra.nl\/tr\/wp-json\/wp\/v2\/comments?post=44"}],"version-history":[{"count":17,"href":"https:\/\/mdra.nl\/tr\/wp-json\/wp\/v2\/pages\/44\/revisions"}],"predecessor-version":[{"id":2656,"href":"https:\/\/mdra.nl\/tr\/wp-json\/wp\/v2\/pages\/44\/revisions\/2656"}],"wp:attachment":[{"href":"https:\/\/mdra.nl\/tr\/wp-json\/wp\/v2\/media?parent=44"}],"curies":[{"name":"wp","href":"https:\/\/api.w.org\/{rel}","templated":true}]}}